{"id":309,"date":"2024-04-03T22:26:45","date_gmt":"2024-04-03T20:26:45","guid":{"rendered":"https:\/\/lisefalc.com\/?page_id=309"},"modified":"2026-01-11T21:25:44","modified_gmt":"2026-01-11T20:25:44","slug":"actualites","status":"publish","type":"page","link":"https:\/\/lisefalc.com\/index.php\/actualites\/","title":{"rendered":"Actualit\u00e9s"},"content":{"rendered":"\t\t<div data-elementor-type=\"wp-page\" data-elementor-id=\"309\" class=\"elementor elementor-309\">\n\t\t\t\t<div class=\"elementor-element elementor-element-11237a0 e-con-full e-flex e-con e-parent\" data-id=\"11237a0\" data-element_type=\"container\" data-e-type=\"container\" data-settings=\"{&quot;background_background&quot;:&quot;classic&quot;}\">\n\t\t\t\t<div class=\"elementor-element elementor-element-b3291e5 elementor-widget elementor-widget-spacer\" data-id=\"b3291e5\" data-element_type=\"widget\" data-e-type=\"widget\" data-widget_type=\"spacer.default\">\n\t\t\t\t<div class=\"elementor-widget-container\">\n\t\t\t\t\t\t\t<div class=\"elementor-spacer\">\n\t\t\t<div class=\"elementor-spacer-inner\"><\/div>\n\t\t<\/div>\n\t\t\t\t\t\t<\/div>\n\t\t\t\t<\/div>\n\t\t<div class=\"elementor-element elementor-element-3400845 e-flex e-con-boxed e-con e-child\" data-id=\"3400845\" data-element_type=\"container\" data-e-type=\"container\">\n\t\t\t\t\t<div class=\"e-con-inner\">\n\t\t\t\t<div class=\"elementor-element elementor-element-a6e7a00 elementor-widget elementor-widget-heading\" data-id=\"a6e7a00\" data-element_type=\"widget\" data-e-type=\"widget\" data-widget_type=\"heading.default\">\n\t\t\t\t<div class=\"elementor-widget-container\">\n\t\t\t\t\t<h1 class=\"elementor-heading-title elementor-size-default\">Atelier - \nPose ta charge<\/h1>\t\t\t\t<\/div>\n\t\t\t\t<\/div>\n\t\t\t\t<div class=\"elementor-element elementor-element-24116fa elementor-align-center elementor-widget elementor-widget-button\" data-id=\"24116fa\" data-element_type=\"widget\" data-e-type=\"widget\" data-widget_type=\"button.default\">\n\t\t\t\t<div class=\"elementor-widget-container\">\n\t\t\t\t\t\t\t\t\t<div class=\"elementor-button-wrapper\">\n\t\t\t\t\t<a class=\"elementor-button elementor-button-link elementor-size-sm\" href=\"https:\/\/lamaisondama.fr\/activite\/2765\">\n\t\t\t\t\t\t<span class=\"elementor-button-content-wrapper\">\n\t\t\t\t\t\t\t\t\t<span class=\"elementor-button-text\">Je m'inscris<\/span>\n\t\t\t\t\t<\/span>\n\t\t\t\t\t<\/a>\n\t\t\t\t<\/div>\n\t\t\t\t\t\t\t\t<\/div>\n\t\t\t\t<\/div>\n\t\t\t\t<div class=\"elementor-element elementor-element-85fccc1 elementor-widget elementor-widget-heading\" data-id=\"85fccc1\" data-element_type=\"widget\" data-e-type=\"widget\" data-widget_type=\"heading.default\">\n\t\t\t\t<div class=\"elementor-widget-container\">\n\t\t\t\t\t<h3 class=\"elementor-heading-title elementor-size-default\">Le Jeudi 26 f\u00e9vrier 2026 \u00e0 18h30 <br> Le Jeudi 23 avril 2026 \u00e0 18h30 <br> Le Jeudi 18 juin 2026 \u00e0 18h30 <br>Colayrac Saint Cirq (47)<\/h3>\t\t\t\t<\/div>\n\t\t\t\t<\/div>\n\t\t<div class=\"elementor-element elementor-element-b986055 e-con-full e-flex e-con e-child\" data-id=\"b986055\" data-element_type=\"container\" data-e-type=\"container\" data-settings=\"{&quot;background_background&quot;:&quot;gradient&quot;}\">\n\t\t<div class=\"elementor-element elementor-element-866f219 e-grid e-con-full e-con e-child\" data-id=\"866f219\" data-element_type=\"container\" data-e-type=\"container\">\n\t\t\t\t<div class=\"elementor-element elementor-element-f07b65d elementor-widget elementor-widget-text-editor\" data-id=\"f07b65d\" data-element_type=\"widget\" data-e-type=\"widget\" data-widget_type=\"text-editor.default\">\n\t\t\t\t<div class=\"elementor-widget-container\">\n\t\t\t\t\t\t\t\t\t<p data-start=\"145\" data-end=\"207\"><strong data-start=\"148\" data-end=\"207\">Charge mentale au f\u00e9minin : comprendre, s\u2019all\u00e9ger, agir<\/strong><\/p><p data-start=\"209\" data-end=\"413\">Nous portons toutes une <strong data-start=\"233\" data-end=\"255\">multitude de r\u00f4les<\/strong> : <strong data-start=\"258\" data-end=\"277\">professionnelle<\/strong>, <strong data-start=\"279\" data-end=\"288\">maman<\/strong>, <strong data-start=\"290\" data-end=\"302\">compagne<\/strong>, <strong data-start=\"304\" data-end=\"321\">organisatrice<\/strong>\u2026<br data-start=\"322\" data-end=\"325\" \/>Et souvent, nous <strong data-start=\"342\" data-end=\"376\">anticipons tout, tout le temps<\/strong>, jusqu\u2019\u00e0 l\u2019<strong data-start=\"388\" data-end=\"412\">\u00e9puisement invisible<\/strong>.<\/p><p data-start=\"415\" data-end=\"537\">Cet <strong data-start=\"419\" data-end=\"447\">atelier d\u00e9di\u00e9 aux femmes<\/strong> est un <strong data-start=\"455\" data-end=\"474\">espace de pause<\/strong>, pour <strong data-start=\"481\" data-end=\"504\">d\u00e9poser ce qui p\u00e8se<\/strong> et <strong data-start=\"508\" data-end=\"536\">retrouver de la l\u00e9g\u00e8ret\u00e9<\/strong>.<\/p><p data-start=\"544\" data-end=\"574\"><strong data-start=\"548\" data-end=\"574\">Objectifs de l\u2019atelier<\/strong><\/p><ul data-start=\"576\" data-end=\"879\"><li data-start=\"576\" data-end=\"628\"><p data-start=\"578\" data-end=\"628\"><strong data-start=\"578\" data-end=\"628\">Comprendre les m\u00e9canismes de la charge mentale<\/strong><\/p><\/li><li data-start=\"629\" data-end=\"683\"><p data-start=\"631\" data-end=\"683\"><strong data-start=\"631\" data-end=\"683\">Identifier vos sources personnelles de surcharge<\/strong><\/p><\/li><li data-start=\"684\" data-end=\"757\"><p data-start=\"686\" data-end=\"757\"><strong data-start=\"686\" data-end=\"714\">Partager vos exp\u00e9riences<\/strong> dans un <strong data-start=\"723\" data-end=\"757\">cadre s\u00e9curis\u00e9 et bienveillant<\/strong><\/p><\/li><li data-start=\"758\" data-end=\"804\"><p data-start=\"760\" data-end=\"804\"><strong data-start=\"760\" data-end=\"804\">D\u00e9couvrir des outils simples et concrets<\/strong><\/p><\/li><li data-start=\"805\" data-end=\"879\"><p data-start=\"807\" data-end=\"879\"><strong data-start=\"807\" data-end=\"846\">Repartir avec des actions r\u00e9alistes<\/strong> pour <strong data-start=\"852\" data-end=\"879\">all\u00e9ger votre quotidien<\/strong><\/p><\/li><\/ul><p data-start=\"886\" data-end=\"912\"><strong data-start=\"890\" data-end=\"912\">Ce que vous gagnez<\/strong><\/p><ul data-start=\"914\" data-end=\"1050\"><li data-start=\"914\" data-end=\"939\"><p data-start=\"916\" data-end=\"939\"><strong data-start=\"916\" data-end=\"939\">Prise de conscience<\/strong><\/p><\/li><li data-start=\"940\" data-end=\"963\"><p data-start=\"942\" data-end=\"963\"><strong data-start=\"942\" data-end=\"963\">D\u00e9culpabilisation<\/strong><\/p><\/li><li data-start=\"964\" data-end=\"988\"><p data-start=\"966\" data-end=\"988\"><strong data-start=\"966\" data-end=\"988\">Soutien et partage<\/strong><\/p><\/li><li data-start=\"989\" data-end=\"1025\"><p data-start=\"991\" data-end=\"1025\"><strong data-start=\"991\" data-end=\"1025\">Outils concrets et applicables<\/strong><\/p><\/li><li data-start=\"1026\" data-end=\"1050\"><p data-start=\"1028\" data-end=\"1050\"><strong data-start=\"1028\" data-end=\"1050\">\u00c9nergie renouvel\u00e9e<\/strong><\/p><\/li><\/ul><p data-start=\"1057\" data-end=\"1107\"><strong data-start=\"1061\" data-end=\"1105\">Vous souhaitez all\u00e9ger votre quotidien ?<\/strong><\/p><p data-start=\"1108\" data-end=\"1137\"><strong data-start=\"1108\" data-end=\"1137\">Venez poser votre charge.<\/strong><\/p><p data-start=\"1144\" data-end=\"1160\"><strong data-start=\"1144\" data-end=\"1160\">Tarif : 30 \u20ac<\/strong><\/p><p data-start=\"1167\" data-end=\"1342\"><em data-start=\"1167\" data-end=\"1342\" data-is-last-node=\"\">Atelier autour de la <strong data-start=\"1189\" data-end=\"1216\">charge mentale f\u00e9minine<\/strong>, du <strong data-start=\"1221\" data-end=\"1245\">bien-\u00eatre des femmes<\/strong>, de l\u2019<strong data-start=\"1252\" data-end=\"1300\">\u00e9quilibre vie personnelle et professionnelle<\/strong> et de la <strong data-start=\"1310\" data-end=\"1340\">pr\u00e9vention de l\u2019\u00e9puisement<\/strong>.<\/em><\/p>\t\t\t\t\t\t\t\t<\/div>\n\t\t\t\t<\/div>\n\t\t\t\t<div class=\"elementor-element elementor-element-ce609ab elementor-widget elementor-widget-image\" data-id=\"ce609ab\" data-element_type=\"widget\" data-e-type=\"widget\" data-widget_type=\"image.default\">\n\t\t\t\t<div class=\"elementor-widget-container\">\n\t\t\t\t\t\t\t\t\t\t\t\t\t\t\t<img fetchpriority=\"high\" decoding=\"async\" width=\"620\" height=\"448\" src=\"https:\/\/lisefalc.com\/wp-content\/uploads\/2026\/01\/posetacharge.png\" class=\"attachment-large size-large wp-image-2930\" alt=\"\" srcset=\"https:\/\/lisefalc.com\/wp-content\/uploads\/2026\/01\/posetacharge.png 620w, https:\/\/lisefalc.com\/wp-content\/uploads\/2026\/01\/posetacharge-300x217.png 300w\" sizes=\"(max-width: 620px) 100vw, 620px\" \/>\t\t\t\t\t\t\t\t\t\t\t\t\t\t\t<\/div>\n\t\t\t\t<\/div>\n\t\t\t\t<\/div>\n\t\t\t\t<\/div>\n\t\t\t\t<div class=\"elementor-element elementor-element-35d57cd elementor-widget-divider--separator-type-pattern elementor-widget-divider--view-line elementor-widget elementor-widget-divider\" data-id=\"35d57cd\" data-element_type=\"widget\" data-e-type=\"widget\" data-widget_type=\"divider.default\">\n\t\t\t\t<div class=\"elementor-widget-container\">\n\t\t\t\t\t\t\t<div class=\"elementor-divider\" style=\"--divider-pattern-url: url(&quot;data:image\/svg+xml,%3Csvg xmlns=&#039;http:\/\/www.w3.org\/2000\/svg&#039; preserveAspectRatio=&#039;none&#039; overflow=&#039;visible&#039; height=&#039;100%&#039; viewBox=&#039;0 0 20 16&#039; fill=&#039;none&#039; stroke=&#039;black&#039; stroke-width=&#039;1&#039; stroke-linecap=&#039;square&#039; stroke-miterlimit=&#039;10&#039;%3E%3Cg transform=&#039;translate(-12.000000, 0)&#039;%3E%3Cpath d=&#039;M28,0L10,18&#039;\/%3E%3Cpath d=&#039;M18,0L0,18&#039;\/%3E%3Cpath d=&#039;M48,0L30,18&#039;\/%3E%3Cpath d=&#039;M38,0L20,18&#039;\/%3E%3C\/g%3E%3C\/svg%3E&quot;);\">\n\t\t\t<span class=\"elementor-divider-separator\">\n\t\t\t\t\t\t<\/span>\n\t\t<\/div>\n\t\t\t\t\t\t<\/div>\n\t\t\t\t<\/div>\n\t\t\t\t<div class=\"elementor-element elementor-element-d7e8bcf elementor-widget elementor-widget-heading\" data-id=\"d7e8bcf\" data-element_type=\"widget\" data-e-type=\"widget\" data-widget_type=\"heading.default\">\n\t\t\t\t<div class=\"elementor-widget-container\">\n\t\t\t\t\t<h1 class=\"elementor-heading-title elementor-size-default\">Atelier :\nConstruisez le futur que vous voulez, pas celui que vous subissez<\/h1>\t\t\t\t<\/div>\n\t\t\t\t<\/div>\n\t\t\t\t\t<\/div>\n\t\t\t\t<\/div>\n\t\t\t\t<div class=\"elementor-element elementor-element-6501073 elementor-align-center elementor-widget elementor-widget-button\" data-id=\"6501073\" data-element_type=\"widget\" data-e-type=\"widget\" data-widget_type=\"button.default\">\n\t\t\t\t<div class=\"elementor-widget-container\">\n\t\t\t\t\t\t\t\t\t<div class=\"elementor-button-wrapper\">\n\t\t\t\t\t<a class=\"elementor-button elementor-button-link elementor-size-sm\" href=\"https:\/\/lamaisondama.fr\/activite\/2675\">\n\t\t\t\t\t\t<span class=\"elementor-button-content-wrapper\">\n\t\t\t\t\t\t\t\t\t<span class=\"elementor-button-text\">Je m'inscris<\/span>\n\t\t\t\t\t<\/span>\n\t\t\t\t\t<\/a>\n\t\t\t\t<\/div>\n\t\t\t\t\t\t\t\t<\/div>\n\t\t\t\t<\/div>\n\t\t\t\t<div class=\"elementor-element elementor-element-c952a65 elementor-widget elementor-widget-heading\" data-id=\"c952a65\" data-element_type=\"widget\" data-e-type=\"widget\" data-widget_type=\"heading.default\">\n\t\t\t\t<div class=\"elementor-widget-container\">\n\t\t\t\t\t<h3 class=\"elementor-heading-title elementor-size-default\">le Mercredi 5 novembre 2025 \u00e0 18h30 <br>Colayrac Saint Cirq<\/h3>\t\t\t\t<\/div>\n\t\t\t\t<\/div>\n\t\t<div class=\"elementor-element elementor-element-04d327f e-flex e-con-boxed e-con e-child\" data-id=\"04d327f\" data-element_type=\"container\" data-e-type=\"container\" data-settings=\"{&quot;background_background&quot;:&quot;gradient&quot;}\">\n\t\t\t\t\t<div class=\"e-con-inner\">\n\t\t<div class=\"elementor-element elementor-element-1cafa9b e-grid e-con-full e-con e-child\" data-id=\"1cafa9b\" data-element_type=\"container\" data-e-type=\"container\">\n\t\t\t\t<div class=\"elementor-element elementor-element-b0acc15 elementor-widget elementor-widget-text-editor\" data-id=\"b0acc15\" data-element_type=\"widget\" data-e-type=\"widget\" data-widget_type=\"text-editor.default\">\n\t\t\t\t<div class=\"elementor-widget-container\">\n\t\t\t\t\t\t\t\t\t<h2 data-start=\"213\" data-end=\"430\">Et si vous preniez un moment pour faire le point et reprendre les r\u00eanes de votre avenir ?<br data-start=\"302\" data-end=\"305\" \/>Cet atelier de 2h est une parenth\u00e8se pour clarifier vos priorit\u00e9s, retrouver votre cap et passer \u00e0 l\u2019action avec confiance.<\/h2><p data-start=\"432\" data-end=\"455\"><strong data-start=\"435\" data-end=\"453\">Au programme :<\/strong><\/p><ul data-start=\"456\" data-end=\"698\"><li data-start=\"456\" data-end=\"516\"><p data-start=\"458\" data-end=\"516\">Explorer vos valeurs et ce qui compte vraiment pour vous<\/p><\/li><li data-start=\"517\" data-end=\"578\"><p data-start=\"519\" data-end=\"578\">Identifier vos priorit\u00e9s professionnelles et personnelles<\/p><\/li><li data-start=\"579\" data-end=\"645\"><p data-start=\"581\" data-end=\"645\">Transformer vos envies en un plan d\u2019action concret et motivant<\/p><\/li><li data-start=\"646\" data-end=\"698\"><p data-start=\"648\" data-end=\"698\">D\u00e9couper vos objectifs en petits pas r\u00e9alisables<\/p><\/li><\/ul><p data-start=\"700\" data-end=\"871\">\u2728 <strong data-start=\"702\" data-end=\"726\">Ce que vous vivrez :<\/strong><br data-start=\"726\" data-end=\"729\" \/>Des exercices pratiques, des \u00e9changes en petit groupe et un accompagnement personnalis\u00e9 pour structurer vos d\u00e9cisions et agir avec s\u00e9r\u00e9nit\u00e9.<\/p><p data-start=\"873\" data-end=\"1007\">Vous repartirez avec :<br data-start=\"895\" data-end=\"898\" \/>\u2705 Une vision claire de vos objectifs<br data-start=\"934\" data-end=\"937\" \/>\u2705 Un plan d\u2019action concret<br data-start=\"963\" data-end=\"966\" \/>\u2705 L\u2019\u00e9nergie pour avancer d\u00e8s maintenant<\/p><p data-start=\"1009\" data-end=\"1092\">\ud83d\udcc5 <strong data-start=\"1012\" data-end=\"1043\">Mercredi 5 novembre \u00e0 18h30<\/strong><br data-start=\"1043\" data-end=\"1046\" \/>\ud83d\udccd <strong data-start=\"1049\" data-end=\"1090\">La Maison d\u2019Ama \u2013 Colayrac-Saint-Cirq<\/strong><\/p><p data-start=\"1094\" data-end=\"1214\">\ud83c\udf9f\ufe0f <strong data-start=\"1098\" data-end=\"1125\">R\u00e9servation obligatoire<\/strong> : <a class=\"decorated-link\" href=\"https:\/\/www.lamaisondama.fr\/activite\/2675\" target=\"_new\" rel=\"noopener\" data-start=\"1128\" data-end=\"1214\">https:\/\/www.lamaisondama.fr\/activite\/2675<\/a><\/p>\t\t\t\t\t\t\t\t<\/div>\n\t\t\t\t<\/div>\n\t\t\t\t<div class=\"elementor-element elementor-element-e9cf9c8 elementor-widget elementor-widget-image\" data-id=\"e9cf9c8\" data-element_type=\"widget\" data-e-type=\"widget\" data-widget_type=\"image.default\">\n\t\t\t\t<div class=\"elementor-widget-container\">\n\t\t\t\t\t\t\t\t\t\t\t\t\t\t\t<img decoding=\"async\" width=\"800\" height=\"523\" src=\"https:\/\/lisefalc.com\/wp-content\/uploads\/2025\/10\/atelierlise-1024x669.jpg\" class=\"attachment-large size-large wp-image-2730\" alt=\"Atelier coaching\" srcset=\"https:\/\/lisefalc.com\/wp-content\/uploads\/2025\/10\/atelierlise-1024x669.jpg 1024w, https:\/\/lisefalc.com\/wp-content\/uploads\/2025\/10\/atelierlise-300x196.jpg 300w, https:\/\/lisefalc.com\/wp-content\/uploads\/2025\/10\/atelierlise-768x502.jpg 768w, https:\/\/lisefalc.com\/wp-content\/uploads\/2025\/10\/atelierlise.jpg 1080w\" sizes=\"(max-width: 800px) 100vw, 800px\" \/>\t\t\t\t\t\t\t\t\t\t\t\t\t\t\t<\/div>\n\t\t\t\t<\/div>\n\t\t\t\t<\/div>\n\t\t\t\t\t<\/div>\n\t\t\t\t<\/div>\n\t\t\t\t<div class=\"elementor-element elementor-element-4b63ed2 elementor-widget elementor-widget-spacer\" data-id=\"4b63ed2\" data-element_type=\"widget\" data-e-type=\"widget\" data-widget_type=\"spacer.default\">\n\t\t\t\t<div class=\"elementor-widget-container\">\n\t\t\t\t\t\t\t<div class=\"elementor-spacer\">\n\t\t\t<div class=\"elementor-spacer-inner\"><\/div>\n\t\t<\/div>\n\t\t\t\t\t\t<\/div>\n\t\t\t\t<\/div>\n\t\t\t\t<div class=\"elementor-element elementor-element-12f5ee6 elementor-widget elementor-widget-image\" data-id=\"12f5ee6\" data-element_type=\"widget\" data-e-type=\"widget\" data-widget_type=\"image.default\">\n\t\t\t\t<div class=\"elementor-widget-container\">\n\t\t\t\t\t\t\t\t\t\t\t\t\t\t\t<img decoding=\"async\" width=\"576\" height=\"1024\" src=\"https:\/\/lisefalc.com\/wp-content\/uploads\/2025\/10\/original-3DB7D6D8-94F5-4D97-9B91-2CEEB6B3AC08-576x1024.jpeg\" class=\"attachment-large size-large wp-image-2738\" alt=\"Atelier coaching maison Ama Colayrac\" srcset=\"https:\/\/lisefalc.com\/wp-content\/uploads\/2025\/10\/original-3DB7D6D8-94F5-4D97-9B91-2CEEB6B3AC08-576x1024.jpeg 576w, https:\/\/lisefalc.com\/wp-content\/uploads\/2025\/10\/original-3DB7D6D8-94F5-4D97-9B91-2CEEB6B3AC08-169x300.jpeg 169w, https:\/\/lisefalc.com\/wp-content\/uploads\/2025\/10\/original-3DB7D6D8-94F5-4D97-9B91-2CEEB6B3AC08-768x1365.jpeg 768w, https:\/\/lisefalc.com\/wp-content\/uploads\/2025\/10\/original-3DB7D6D8-94F5-4D97-9B91-2CEEB6B3AC08-864x1536.jpeg 864w, https:\/\/lisefalc.com\/wp-content\/uploads\/2025\/10\/original-3DB7D6D8-94F5-4D97-9B91-2CEEB6B3AC08.jpeg 900w\" sizes=\"(max-width: 576px) 100vw, 576px\" \/>\t\t\t\t\t\t\t\t\t\t\t\t\t\t\t<\/div>\n\t\t\t\t<\/div>\n\t\t\t\t<div class=\"elementor-element elementor-element-917aa28 elementor-widget-divider--separator-type-pattern elementor-widget-divider--view-line elementor-widget elementor-widget-divider\" data-id=\"917aa28\" data-element_type=\"widget\" data-e-type=\"widget\" data-widget_type=\"divider.default\">\n\t\t\t\t<div class=\"elementor-widget-container\">\n\t\t\t\t\t\t\t<div class=\"elementor-divider\" style=\"--divider-pattern-url: url(&quot;data:image\/svg+xml,%3Csvg xmlns=&#039;http:\/\/www.w3.org\/2000\/svg&#039; preserveAspectRatio=&#039;none&#039; overflow=&#039;visible&#039; height=&#039;100%&#039; viewBox=&#039;0 0 20 16&#039; fill=&#039;none&#039; stroke=&#039;black&#039; stroke-width=&#039;1&#039; stroke-linecap=&#039;square&#039; stroke-miterlimit=&#039;10&#039;%3E%3Cg transform=&#039;translate(-12.000000, 0)&#039;%3E%3Cpath d=&#039;M28,0L10,18&#039;\/%3E%3Cpath d=&#039;M18,0L0,18&#039;\/%3E%3Cpath d=&#039;M48,0L30,18&#039;\/%3E%3Cpath d=&#039;M38,0L20,18&#039;\/%3E%3C\/g%3E%3C\/svg%3E&quot;);\">\n\t\t\t<span class=\"elementor-divider-separator\">\n\t\t\t\t\t\t<\/span>\n\t\t<\/div>\n\t\t\t\t\t\t<\/div>\n\t\t\t\t<\/div>\n\t\t\t\t<div class=\"elementor-element elementor-element-0789fd2 elementor-widget elementor-widget-spacer\" data-id=\"0789fd2\" data-element_type=\"widget\" data-e-type=\"widget\" data-widget_type=\"spacer.default\">\n\t\t\t\t<div class=\"elementor-widget-container\">\n\t\t\t\t\t\t\t<div class=\"elementor-spacer\">\n\t\t\t<div class=\"elementor-spacer-inner\"><\/div>\n\t\t<\/div>\n\t\t\t\t\t\t<\/div>\n\t\t\t\t<\/div>\n\t\t\t\t<div class=\"elementor-element elementor-element-78b99d8 elementor-view-default elementor-widget elementor-widget-icon\" data-id=\"78b99d8\" data-element_type=\"widget\" data-e-type=\"widget\" data-widget_type=\"icon.default\">\n\t\t\t\t<div class=\"elementor-widget-container\">\n\t\t\t\t\t\t\t<div class=\"elementor-icon-wrapper\">\n\t\t\t<div class=\"elementor-icon\">\n\t\t\t<svg aria-hidden=\"true\" class=\"e-font-icon-svg e-fas-star\" viewBox=\"0 0 576 512\" xmlns=\"http:\/\/www.w3.org\/2000\/svg\"><path d=\"M259.3 17.8L194 150.2 47.9 171.5c-26.2 3.8-36.7 36.1-17.7 54.6l105.7 103-25 145.5c-4.5 26.3 23.2 46 46.4 33.7L288 439.6l130.7 68.7c23.2 12.2 50.9-7.4 46.4-33.7l-25-145.5 105.7-103c19-18.5 8.5-50.8-17.7-54.6L382 150.2 316.7 17.8c-11.7-23.6-45.6-23.9-57.4 0z\"><\/path><\/svg>\t\t\t<\/div>\n\t\t<\/div>\n\t\t\t\t\t\t<\/div>\n\t\t\t\t<\/div>\n\t\t\t\t<div class=\"elementor-element elementor-element-292f8b6 elementor-widget elementor-widget-heading\" data-id=\"292f8b6\" data-element_type=\"widget\" data-e-type=\"widget\" data-widget_type=\"heading.default\">\n\t\t\t\t<div class=\"elementor-widget-container\">\n\t\t\t\t\t<h1 class=\"elementor-heading-title elementor-size-default\">Bilan de comp\u00e9tences<\/h1>\t\t\t\t<\/div>\n\t\t\t\t<\/div>\n\t\t\t\t<div class=\"elementor-element elementor-element-01e5950 elementor-widget elementor-widget-text-editor\" data-id=\"01e5950\" data-element_type=\"widget\" data-e-type=\"widget\" data-widget_type=\"text-editor.default\">\n\t\t\t\t<div class=\"elementor-widget-container\">\n\t\t\t\t\t\t\t\t\t<p>Faites le\u00a0<strong data-start=\"172\" data-end=\"212\">test gratuit de bilan de comp\u00e9tences<\/strong> en moins de <strong data-start=\"225\" data-end=\"238\">2 minutes<\/strong> et recevez un <strong data-start=\"253\" data-end=\"278\">feedback personnalis\u00e9<\/strong> pour savoir si c\u2019est le bon moment pour avancer\u00a0<\/p><p>Je fais le test en ligne et gratuit<\/p>\t\t\t\t\t\t\t\t<\/div>\n\t\t\t\t<\/div>\n\t\t\t\t<div class=\"elementor-element elementor-element-221d26c elementor-button-info elementor-align-center elementor-widget elementor-widget-button\" data-id=\"221d26c\" data-element_type=\"widget\" data-e-type=\"widget\" data-widget_type=\"button.default\">\n\t\t\t\t<div class=\"elementor-widget-container\">\n\t\t\t\t\t\t\t\t\t<div class=\"elementor-button-wrapper\">\n\t\t\t\t\t<a class=\"elementor-button elementor-button-link elementor-size-sm\" href=\"https:\/\/form.dragnsurvey.com\/survey\/r\/01973d83\">\n\t\t\t\t\t\t<span class=\"elementor-button-content-wrapper\">\n\t\t\t\t\t\t\t\t\t<span class=\"elementor-button-text\">Je fais le test gratuit en ligne<\/span>\n\t\t\t\t\t<\/span>\n\t\t\t\t\t<\/a>\n\t\t\t\t<\/div>\n\t\t\t\t\t\t\t\t<\/div>\n\t\t\t\t<\/div>\n\t\t\t\t<div class=\"elementor-element elementor-element-ce2fd23 elementor-widget elementor-widget-spacer\" data-id=\"ce2fd23\" data-element_type=\"widget\" data-e-type=\"widget\" data-widget_type=\"spacer.default\">\n\t\t\t\t<div class=\"elementor-widget-container\">\n\t\t\t\t\t\t\t<div class=\"elementor-spacer\">\n\t\t\t<div class=\"elementor-spacer-inner\"><\/div>\n\t\t<\/div>\n\t\t\t\t\t\t<\/div>\n\t\t\t\t<\/div>\n\t\t\t\t<div class=\"elementor-element elementor-element-6c7b082 elementor-widget elementor-widget-image\" data-id=\"6c7b082\" data-element_type=\"widget\" data-e-type=\"widget\" data-widget_type=\"image.default\">\n\t\t\t\t<div class=\"elementor-widget-container\">\n\t\t\t\t\t\t\t\t\t\t\t\t\t\t\t<img loading=\"lazy\" decoding=\"async\" width=\"724\" height=\"1024\" src=\"https:\/\/lisefalc.com\/wp-content\/uploads\/2025\/03\/Un-bilan-de-competences-3-724x1024.png\" class=\"attachment-large size-large wp-image-1987\" alt=\"\" srcset=\"https:\/\/lisefalc.com\/wp-content\/uploads\/2025\/03\/Un-bilan-de-competences-3-724x1024.png 724w, https:\/\/lisefalc.com\/wp-content\/uploads\/2025\/03\/Un-bilan-de-competences-3-212x300.png 212w, https:\/\/lisefalc.com\/wp-content\/uploads\/2025\/03\/Un-bilan-de-competences-3-768x1086.png 768w, https:\/\/lisefalc.com\/wp-content\/uploads\/2025\/03\/Un-bilan-de-competences-3-1086x1536.png 1086w, https:\/\/lisefalc.com\/wp-content\/uploads\/2025\/03\/Un-bilan-de-competences-3.png 1414w\" sizes=\"(max-width: 724px) 100vw, 724px\" \/>\t\t\t\t\t\t\t\t\t\t\t\t\t\t\t<\/div>\n\t\t\t\t<\/div>\n\t\t\t\t<\/div>\n\t\t\t\t<\/div>\n\t\t","protected":false},"excerpt":{"rendered":"<p>Atelier &#8211; Pose ta charge Je m&rsquo;inscris Le Jeudi 26 f\u00e9vrier 2026 \u00e0 18h30 Le Jeudi 23 avril 2026 \u00e0 18h30 Le Jeudi 18 juin 2026 \u00e0 18h30 Colayrac Saint Cirq (47) Charge mentale au f\u00e9minin : comprendre, s\u2019all\u00e9ger, agir Nous portons toutes une multitude de r\u00f4les : professionnelle, maman, compagne, organisatrice\u2026Et souvent, nous anticipons [&hellip;]<\/p>\n","protected":false},"author":1,"featured_media":0,"parent":0,"menu_order":0,"comment_status":"closed","ping_status":"closed","template":"elementor_header_footer","meta":{"om_disable_all_campaigns":false,"_monsterinsights_skip_tracking":false,"_monsterinsights_sitenote_active":false,"_monsterinsights_sitenote_note":"","_monsterinsights_sitenote_category":0,"_uf_show_specific_survey":0,"_uf_disable_surveys":false,"footnotes":""},"class_list":["post-309","page","type-page","status-publish","hentry"],"aioseo_notices":[],"_links":{"self":[{"href":"https:\/\/lisefalc.com\/index.php\/wp-json\/wp\/v2\/pages\/309","targetHints":{"allow":["GET"]}}],"collection":[{"href":"https:\/\/lisefalc.com\/index.php\/wp-json\/wp\/v2\/pages"}],"about":[{"href":"https:\/\/lisefalc.com\/index.php\/wp-json\/wp\/v2\/types\/page"}],"author":[{"embeddable":true,"href":"https:\/\/lisefalc.com\/index.php\/wp-json\/wp\/v2\/users\/1"}],"replies":[{"embeddable":true,"href":"https:\/\/lisefalc.com\/index.php\/wp-json\/wp\/v2\/comments?post=309"}],"version-history":[{"count":106,"href":"https:\/\/lisefalc.com\/index.php\/wp-json\/wp\/v2\/pages\/309\/revisions"}],"predecessor-version":[{"id":2948,"href":"https:\/\/lisefalc.com\/index.php\/wp-json\/wp\/v2\/pages\/309\/revisions\/2948"}],"wp:attachment":[{"href":"https:\/\/lisefalc.com\/index.php\/wp-json\/wp\/v2\/media?parent=309"}],"curies":[{"name":"wp","href":"https:\/\/api.w.org\/{rel}","templated":true}]}}