{"id":291,"date":"2024-04-03T22:02:27","date_gmt":"2024-04-03T20:02:27","guid":{"rendered":"https:\/\/lisefalc.com\/?page_id=291"},"modified":"2026-03-17T10:32:04","modified_gmt":"2026-03-17T09:32:04","slug":"mentions-legales","status":"publish","type":"page","link":"https:\/\/lisefalc.com\/index.php\/mentions-legales\/","title":{"rendered":"Mentions l\u00e9gales"},"content":{"rendered":"\t\t<div data-elementor-type=\"wp-page\" data-elementor-id=\"291\" class=\"elementor elementor-291\">\n\t\t\t\t<div class=\"elementor-element elementor-element-fa92b18 e-flex e-con-boxed e-con e-parent\" data-id=\"fa92b18\" data-element_type=\"container\" data-e-type=\"container\">\n\t\t\t\t\t<div class=\"e-con-inner\">\n\t\t\t\t<div class=\"elementor-element elementor-element-da71a07 elementor-widget elementor-widget-heading\" data-id=\"da71a07\" data-element_type=\"widget\" data-e-type=\"widget\" data-widget_type=\"heading.default\">\n\t\t\t\t<div class=\"elementor-widget-container\">\n\t\t\t\t\t<h2 class=\"elementor-heading-title elementor-size-default\">Mentions L\u00e9gales<br><\/h2>\t\t\t\t<\/div>\n\t\t\t\t<\/div>\n\t\t\t\t<div class=\"elementor-element elementor-element-0d722ad elementor-widget__width-initial elementor-widget elementor-widget-text-editor\" data-id=\"0d722ad\" data-element_type=\"widget\" data-e-type=\"widget\" data-widget_type=\"text-editor.default\">\n\t\t\t\t<div class=\"elementor-widget-container\">\n\t\t\t\t\t\t\t\t\t<p><b>\u00c9dition du site Internet<\/b><\/p><p><span style=\"font-weight: 400;\">Le site lisefalc.com<\/span><span style=\"font-weight: 400;\">, accessible \u00e0 l\u2019adresse <\/span><span style=\"font-weight: 400;\">URL<\/span><span style=\"font-weight: 400;\"> est \u00e9dit\u00e9 par Mme Lise Falc<\/span><span style=\"font-weight: 400;\">, dont le domicile est situ\u00e9 Impasse Pech d&rsquo;Angeros \u00e0 Sainte Livrade sur Lot<\/span><span style=\"font-weight: 400;\">.<\/span><\/p><p><b>R\u00e9daction du site Internet<\/b><\/p><p><span style=\"font-weight: 400;\">Directeur de la publication : Lise FALC<\/span><\/p><p><span style=\"font-weight: 400;\">Contact : 06 36 04 88 95<\/span><\/p><p>contact@lisefalc.com<\/p><p>Siret : 831 431 853 00025<\/p><p><label class=\"\" for=\"cartridge.numeroDa\" data-focus=\"label\" data-reactid=\".0.4.1.1.0.0.0.0.0.0.5.0\">Num\u00e9ro de DA :\u00a0<\/label><span data-reactid=\".0.4.1.1.0.0.0.0.0.0.5.2\">75 47 01872 47<\/span><\/p><p><b>H\u00e9bergeur du site Internet<\/b><\/p><p><span style=\"font-weight: 400;\">Le site <\/span><span style=\"font-weight: 400;\">SITE<\/span><span style=\"font-weight: 400;\"> est h\u00e9berg\u00e9 par <\/span><span style=\"font-weight: 400;\">OVH<\/span><span style=\"font-weight: 400;\">,<\/span><\/p><p><span style=\"color: #4d5693; font-family: 'Source Sans Pro', 'Trebuchet MS', Arial, 'Segoe UI', sans-serif; font-size: 16px; font-style: normal; font-variant-ligatures: normal; font-variant-caps: normal; text-align: var(--text-align);\">SAS au capital de 10 174 560 \u20ac<\/span><\/p><p style=\"box-sizing: inherit; -webkit-font-smoothing: antialiased; margin-bottom: 1rem; font-size: 16px; color: #4d5693; font-family: 'Source Sans Pro', 'Trebuchet MS', Arial, 'Segoe UI', sans-serif; font-style: normal; font-variant-ligatures: normal; font-variant-caps: normal;\">RCS Lille M\u00e9tropole 424 761 419 00045<br style=\"box-sizing: inherit; -webkit-font-smoothing: antialiased; font-size: inherit;\" \/>Code APE 2620Z<br style=\"box-sizing: inherit; -webkit-font-smoothing: antialiased; font-size: inherit;\" \/>N\u00b0 TVA : FR 22 424 761 419<br style=\"box-sizing: inherit; -webkit-font-smoothing: antialiased; font-size: inherit;\" \/>Si\u00e8ge social : 2 rue Kellermann &#8211; 59100 Roubaix &#8211; France<\/p><p><span style=\"color: #4d5693; font-family: 'Source Sans Pro', 'Trebuchet MS', Arial, 'Segoe UI', sans-serif; font-size: 16px; font-style: normal; font-variant-ligatures: normal; font-variant-caps: normal; text-align: var(--text-align);\">OVH SAS est une filiale de la soci\u00e9t\u00e9 OVH Groupe SA, soci\u00e9t\u00e9 immatricul\u00e9<\/span><span style=\"color: #4d5693; font-family: 'Source Sans Pro', 'Trebuchet MS', Arial, 'Segoe UI', sans-serif; font-size: 16px; font-style: normal; font-variant-ligatures: normal; font-variant-caps: normal; font-weight: 400; text-align: var(--text-align);\">e au RCS de Lille sous le num\u00e9ro 537 407 926 sise 2, rue Kellermann, 59100 Roubaix.<\/span><\/p>\t\t\t\t\t\t\t\t<\/div>\n\t\t\t\t<\/div>\n\t\t\t\t\t<\/div>\n\t\t\t\t<\/div>\n\t\t\t\t<\/div>\n\t\t","protected":false},"excerpt":{"rendered":"<p>Mentions L\u00e9gales \u00c9dition du site Internet Le site lisefalc.com, accessible \u00e0 l\u2019adresse URL est \u00e9dit\u00e9 par Mme Lise Falc, dont le domicile est situ\u00e9 Impasse Pech d&rsquo;Angeros \u00e0 Sainte Livrade sur Lot. R\u00e9daction du site Internet Directeur de la publication : Lise FALC Contact : 06 36 04 88 95 contact@lisefalc.com Siret : 831 431 [&hellip;]<\/p>\n","protected":false},"author":1,"featured_media":0,"parent":0,"menu_order":0,"comment_status":"closed","ping_status":"closed","template":"elementor_header_footer","meta":{"om_disable_all_campaigns":false,"_monsterinsights_skip_tracking":false,"_monsterinsights_sitenote_active":false,"_monsterinsights_sitenote_note":"","_monsterinsights_sitenote_category":0,"_uf_show_specific_survey":0,"_uf_disable_surveys":false,"footnotes":""},"class_list":["post-291","page","type-page","status-publish","hentry"],"aioseo_notices":[],"_links":{"self":[{"href":"https:\/\/lisefalc.com\/index.php\/wp-json\/wp\/v2\/pages\/291","targetHints":{"allow":["GET"]}}],"collection":[{"href":"https:\/\/lisefalc.com\/index.php\/wp-json\/wp\/v2\/pages"}],"about":[{"href":"https:\/\/lisefalc.com\/index.php\/wp-json\/wp\/v2\/types\/page"}],"author":[{"embeddable":true,"href":"https:\/\/lisefalc.com\/index.php\/wp-json\/wp\/v2\/users\/1"}],"replies":[{"embeddable":true,"href":"https:\/\/lisefalc.com\/index.php\/wp-json\/wp\/v2\/comments?post=291"}],"version-history":[{"count":13,"href":"https:\/\/lisefalc.com\/index.php\/wp-json\/wp\/v2\/pages\/291\/revisions"}],"predecessor-version":[{"id":3227,"href":"https:\/\/lisefalc.com\/index.php\/wp-json\/wp\/v2\/pages\/291\/revisions\/3227"}],"wp:attachment":[{"href":"https:\/\/lisefalc.com\/index.php\/wp-json\/wp\/v2\/media?parent=291"}],"curies":[{"name":"wp","href":"https:\/\/api.w.org\/{rel}","templated":true}]}}