{"id":2877,"date":"2026-01-09T18:52:58","date_gmt":"2026-01-09T17:52:58","guid":{"rendered":"https:\/\/lisefalc.com\/?page_id=2877"},"modified":"2026-01-12T15:33:03","modified_gmt":"2026-01-12T14:33:03","slug":"passage-a-laction-deblocage","status":"publish","type":"page","link":"https:\/\/lisefalc.com\/index.php\/passage-a-laction-deblocage\/","title":{"rendered":"Passage \u00e0 l\u2019Action \u2013 D\u00e9blocage"},"content":{"rendered":"\t\t<div data-elementor-type=\"wp-page\" data-elementor-id=\"2877\" class=\"elementor elementor-2877\">\n\t\t\t\t<div class=\"elementor-element elementor-element-eb420e4 e-con-full e-flex e-con e-parent\" data-id=\"eb420e4\" data-element_type=\"container\" data-e-type=\"container\" data-settings=\"{&quot;background_background&quot;:&quot;classic&quot;}\">\n\t\t\t\t<div class=\"elementor-element elementor-element-7768c2b elementor-widget elementor-widget-spacer\" data-id=\"7768c2b\" data-element_type=\"widget\" data-e-type=\"widget\" data-widget_type=\"spacer.default\">\n\t\t\t\t<div class=\"elementor-widget-container\">\n\t\t\t\t\t\t\t<div class=\"elementor-spacer\">\n\t\t\t<div class=\"elementor-spacer-inner\"><\/div>\n\t\t<\/div>\n\t\t\t\t\t\t<\/div>\n\t\t\t\t<\/div>\n\t\t\t\t<div class=\"elementor-element elementor-element-cd855d0 elementor-widget elementor-widget-heading\" data-id=\"cd855d0\" data-element_type=\"widget\" data-e-type=\"widget\" data-widget_type=\"heading.default\">\n\t\t\t\t<div class=\"elementor-widget-container\">\n\t\t\t\t\t<h1 class=\"elementor-heading-title elementor-size-default\">Passage \u00e0 l\u2019action &amp; D\u00e9blocage<\/h1>\t\t\t\t<\/div>\n\t\t\t\t<\/div>\n\t\t\t\t<div class=\"elementor-element elementor-element-78c02a1 elementor-widget elementor-widget-text-editor\" data-id=\"78c02a1\" data-element_type=\"widget\" data-e-type=\"widget\" data-widget_type=\"text-editor.default\">\n\t\t\t\t<div class=\"elementor-widget-container\">\n\t\t\t\t\t\t\t\t\t<p><strong>Un accompagnement concret pour ne plus rester seul face \u00e0 ce qui bloque<\/strong><\/p>\t\t\t\t\t\t\t\t<\/div>\n\t\t\t\t<\/div>\n\t\t\t\t<div class=\"elementor-element elementor-element-479e177 elementor-widget elementor-widget-text-editor\" data-id=\"479e177\" data-element_type=\"widget\" data-e-type=\"widget\" data-widget_type=\"text-editor.default\">\n\t\t\t\t<div class=\"elementor-widget-container\">\n\t\t\t\t\t\t\t\t\t<p data-start=\"390\" data-end=\"721\">Il y a des moments o\u00f9 l\u2019on sait <strong data-start=\"422\" data-end=\"449\">ce qu\u2019il faudrait faire<\/strong>, mais o\u00f9 quelque chose emp\u00eache de passer \u00e0 l\u2019action.<br data-start=\"502\" data-end=\"505\">Fatigue, surcharge mentale, peur de se tromper, d\u00e9couragement, complexit\u00e9 administrative ou simplement trop de choses \u00e0 g\u00e9rer en m\u00eame temps\u2026 Le blocage n\u2019est pas un manque de volont\u00e9. C\u2019est souvent un <strong data-start=\"706\" data-end=\"720\">trop-plein<\/strong>.<\/p>\n<p data-start=\"723\" data-end=\"952\">L\u2019accompagnement <em data-start=\"740\" data-end=\"772\">Passage \u00e0 l\u2019action &amp; D\u00e9blocage<\/em> est pens\u00e9 pour ces moments-l\u00e0 :<\/p>\n<p data-start=\"307\" data-end=\"327\">quand il ne s\u2019agit plus seulement de r\u00e9fl\u00e9chir, mais <strong data-start=\"863\" data-end=\"889\">d\u2019avancer concr\u00e8tement<\/strong>, pas \u00e0 pas, avec un soutien humain, s\u00e9curisant et respectueux.<\/p><p data-start=\"307\" data-end=\"327\"><br><\/p>\n<h3 data-start=\"959\" data-end=\"1012\"><span style=\"text-decoration: underline;\">Un accompagnement actif, pragmatique et rassurant<\/span><\/h3>\n<p data-start=\"1014\" data-end=\"1154\">Ici, on ne reste pas dans le th\u00e9orique.<br data-start=\"1053\" data-end=\"1056\">Je vous accompagne <strong data-start=\"1075\" data-end=\"1092\">dans l\u2019action<\/strong>, \u00e0 votre rythme, pour franchir une \u00e9tape pr\u00e9cise et tangible.<\/p>\n<p data-start=\"1156\" data-end=\"1189\">Cela peut concerner par exemple :<\/p>\n<ul data-start=\"1190\" data-end=\"1532\">\n<li data-start=\"1190\" data-end=\"1262\">\n<p data-start=\"1192\" data-end=\"1262\">des <strong data-start=\"1196\" data-end=\"1225\">d\u00e9marches administratives<\/strong> qui semblent lourdes ou bloquantes<\/p>\n<\/li>\n<li data-start=\"1263\" data-end=\"1326\">\n<p data-start=\"1265\" data-end=\"1326\">l\u2019<strong data-start=\"1267\" data-end=\"1295\">organisation d\u2019un projet<\/strong> (personnel ou professionnel)<\/p>\n<\/li>\n<li data-start=\"1327\" data-end=\"1408\">\n<p data-start=\"1329\" data-end=\"1408\">une <strong data-start=\"1333\" data-end=\"1371\">remise en mouvement apr\u00e8s un arr\u00eat<\/strong> (\u00e9puisement, maladie, transition\u2026)<\/p>\n<\/li>\n<li data-start=\"1409\" data-end=\"1469\">\n<p data-start=\"1411\" data-end=\"1469\">une <strong data-start=\"1415\" data-end=\"1446\">prise de d\u00e9cision difficile<\/strong> qui freine l\u2019avanc\u00e9e<\/p>\n<\/li>\n<li data-start=\"1470\" data-end=\"1532\">\n<p data-start=\"1472\" data-end=\"1532\">un passage de cap que vous n\u2019arrivez plus \u00e0 franchir seul(e)<\/p>\n<\/li>\n<\/ul>\n<p data-start=\"1534\" data-end=\"1738\">L\u2019objectif n\u2019est pas de faire \u201c\u00e0 votre place\u201d, ni de vous pousser co\u00fbte que co\u00fbte, mais de <strong data-start=\"1625\" data-end=\"1647\">cheminer avec vous<\/strong>, de clarifier, de s\u00e9curiser, et d\u2019avancer ensemble vers une action concr\u00e8te et r\u00e9alisable.<\/p><p data-start=\"1534\" data-end=\"1738\"><br><\/p>\n<h3 data-start=\"1745\" data-end=\"1798\"><span style=\"text-decoration: underline;\">Une pr\u00e9sence humaine, dans un cadre \u00e9thique clair<\/span><\/h3>\n<p data-start=\"1800\" data-end=\"1943\">Cet accompagnement repose sur une relation de confiance, sans jugement ni pression.<br data-start=\"1883\" data-end=\"1886\">Je respecte votre rythme, vos limites et votre autonomie.<\/p>\n<ul data-start=\"1945\" data-end=\"2194\">\n<li data-start=\"1945\" data-end=\"1997\">\n<p data-start=\"1947\" data-end=\"1997\">Vous restez <strong data-start=\"1959\" data-end=\"1997\">acteur ou actrice de vos d\u00e9cisions<\/strong><\/p>\n<\/li>\n<li data-start=\"1998\" data-end=\"2083\">\n<p data-start=\"2000\" data-end=\"2083\">L\u2019accompagnement est <strong data-start=\"2021\" data-end=\"2042\">non th\u00e9rapeutique<\/strong>, orient\u00e9 vers le concret et le quotidien<\/p>\n<\/li>\n<li data-start=\"2084\" data-end=\"2132\">\n<p data-start=\"2086\" data-end=\"2132\">Le cadre est clair, bienveillant et s\u00e9curisant<\/p>\n<\/li>\n<li data-start=\"2133\" data-end=\"2194\">\n<p data-start=\"2135\" data-end=\"2194\">Vous n\u2019\u00eates plus seul(e) pour franchir une \u00e9tape importante<\/p><\/li>\n<\/ul><div><br><\/div>\n<h3 data-start=\"2682\" data-end=\"2696\"><span style=\"text-decoration: underline;\">Pour qui ?<\/span><\/h3>\n<p data-start=\"2698\" data-end=\"2738\">Cet accompagnement s\u2019adresse \u00e0 vous si :<\/p>\n<ul data-start=\"2739\" data-end=\"2978\">\n<li data-start=\"2739\" data-end=\"2794\">\n<p data-start=\"2741\" data-end=\"2794\">vous vous sentez bloqu\u00e9(e) malgr\u00e9 l\u2019envie d\u2019avancer<\/p>\n<\/li>\n<li data-start=\"2795\" data-end=\"2852\">\n<p data-start=\"2797\" data-end=\"2852\">vous avez besoin d\u2019un <strong data-start=\"2819\" data-end=\"2850\">appui humain et structurant<\/strong><\/p>\n<\/li>\n<li data-start=\"2853\" data-end=\"2908\">\n<p data-start=\"2855\" data-end=\"2908\">vous souhaitez passer \u00e0 l\u2019action sans vous brusquer<\/p>\n<\/li>\n<li data-start=\"2909\" data-end=\"2978\">\n<p data-start=\"2911\" data-end=\"2978\">vous voulez retrouver de la clart\u00e9, de la confiance et du mouvement<\/p>\n<\/li>\n<\/ul>\t\t\t\t\t\t\t\t<\/div>\n\t\t\t\t<\/div>\n\t\t\t\t<\/div>\n\t\t<div class=\"elementor-element elementor-element-44e2168 e-con-full e-flex e-con e-parent\" data-id=\"44e2168\" data-element_type=\"container\" data-e-type=\"container\" data-settings=\"{&quot;background_background&quot;:&quot;classic&quot;}\">\n\t\t\t\t<div class=\"elementor-element elementor-element-ba080f2 elementor-widget elementor-widget-text-editor\" data-id=\"ba080f2\" data-element_type=\"widget\" data-e-type=\"widget\" data-widget_type=\"text-editor.default\">\n\t\t\t\t<div class=\"elementor-widget-container\">\n\t\t\t\t\t\t\t\t\t<p><strong data-start=\"1191\" data-end=\"1211\"> S\u00e9ance \u00e0 la s\u00e9ance \u2013 Passage \u00e0 l\u2019action \/ D\u00e9blocage :\u00a0<\/strong><\/p><p data-start=\"1003\" data-end=\"1081\"><strong data-start=\"1003\" data-end=\"1013\">Format<\/strong> : 3 heures (demi-journ\u00e9e)<\/p><p data-start=\"2330\" data-end=\"2470\"><strong>Tarif :<\/strong> 210 \u20ac<br data-start=\"2347\" data-end=\"2350\" \/>Un temps long pour avancer en profondeur sur une situation pr\u00e9cise et repartir avec des actions concr\u00e8tes d\u00e9j\u00e0 engag\u00e9es.<\/p><p data-start=\"2472\" data-end=\"2508\"><strong data-start=\"2472\" data-end=\"2506\">Forfait \u201cMise en mouvement\u201d<\/strong><\/p><p data-start=\"2511\" data-end=\"2534\"><strong data-start=\"2511\" data-end=\"2532\">Format : <\/strong>3 s\u00e9ances de 1h30<\/p><p data-start=\"2511\" data-end=\"2534\"><strong data-start=\"2537\" data-end=\"2548\">Tarif :<\/strong> 315 \u20ac<br data-start=\"2554\" data-end=\"2557\" \/>Un accompagnement progressif pour enclencher une dynamique, s\u00e9curiser les d\u00e9cisions et maintenir l\u2019\u00e9lan dans le temps.<\/p>\t\t\t\t\t\t\t\t<\/div>\n\t\t\t\t<\/div>\n\t\t\t\t<\/div>\n\t\t<div class=\"elementor-element elementor-element-5f9cc3d e-flex e-con-boxed e-con e-parent\" data-id=\"5f9cc3d\" data-element_type=\"container\" data-e-type=\"container\">\n\t\t\t\t\t<div class=\"e-con-inner\">\n\t\t\t\t\t<\/div>\n\t\t\t\t<\/div>\n\t\t\t\t<\/div>\n\t\t","protected":false},"excerpt":{"rendered":"<p>Passage \u00e0 l\u2019action &amp; D\u00e9blocage Un accompagnement concret pour ne plus rester seul face \u00e0 ce qui bloque Il y a des moments o\u00f9 l\u2019on sait ce qu\u2019il faudrait faire, mais o\u00f9 quelque chose emp\u00eache de passer \u00e0 l\u2019action.Fatigue, surcharge mentale, peur de se tromper, d\u00e9couragement, complexit\u00e9 administrative ou simplement trop de choses \u00e0 g\u00e9rer [&hellip;]<\/p>\n","protected":false},"author":1,"featured_media":0,"parent":0,"menu_order":0,"comment_status":"closed","ping_status":"closed","template":"","meta":{"om_disable_all_campaigns":false,"_monsterinsights_skip_tracking":false,"_monsterinsights_sitenote_active":false,"_monsterinsights_sitenote_note":"","_monsterinsights_sitenote_category":0,"_uf_show_specific_survey":0,"_uf_disable_surveys":false,"footnotes":""},"class_list":["post-2877","page","type-page","status-publish","hentry"],"aioseo_notices":[],"_links":{"self":[{"href":"https:\/\/lisefalc.com\/index.php\/wp-json\/wp\/v2\/pages\/2877","targetHints":{"allow":["GET"]}}],"collection":[{"href":"https:\/\/lisefalc.com\/index.php\/wp-json\/wp\/v2\/pages"}],"about":[{"href":"https:\/\/lisefalc.com\/index.php\/wp-json\/wp\/v2\/types\/page"}],"author":[{"embeddable":true,"href":"https:\/\/lisefalc.com\/index.php\/wp-json\/wp\/v2\/users\/1"}],"replies":[{"embeddable":true,"href":"https:\/\/lisefalc.com\/index.php\/wp-json\/wp\/v2\/comments?post=2877"}],"version-history":[{"count":7,"href":"https:\/\/lisefalc.com\/index.php\/wp-json\/wp\/v2\/pages\/2877\/revisions"}],"predecessor-version":[{"id":3004,"href":"https:\/\/lisefalc.com\/index.php\/wp-json\/wp\/v2\/pages\/2877\/revisions\/3004"}],"wp:attachment":[{"href":"https:\/\/lisefalc.com\/index.php\/wp-json\/wp\/v2\/media?parent=2877"}],"curies":[{"name":"wp","href":"https:\/\/api.w.org\/{rel}","templated":true}]}}