{"id":2875,"date":"2026-01-09T18:51:57","date_gmt":"2026-01-09T17:51:57","guid":{"rendered":"https:\/\/lisefalc.com\/?page_id=2875"},"modified":"2026-01-12T09:57:03","modified_gmt":"2026-01-12T08:57:03","slug":"accompagnement-emotionnel-en-situation-reelle","status":"publish","type":"page","link":"https:\/\/lisefalc.com\/index.php\/accompagnement-emotionnel-en-situation-reelle\/","title":{"rendered":"Accompagnement \u00e9motionnel en situation r\u00e9elle"},"content":{"rendered":"\t\t<div data-elementor-type=\"wp-page\" data-elementor-id=\"2875\" class=\"elementor elementor-2875\">\n\t\t\t\t<div class=\"elementor-element elementor-element-eb420e4 e-con-full e-flex e-con e-parent\" data-id=\"eb420e4\" data-element_type=\"container\" data-e-type=\"container\" data-settings=\"{&quot;background_background&quot;:&quot;classic&quot;}\">\n\t\t\t\t<div class=\"elementor-element elementor-element-7768c2b elementor-widget elementor-widget-spacer\" data-id=\"7768c2b\" data-element_type=\"widget\" data-e-type=\"widget\" data-widget_type=\"spacer.default\">\n\t\t\t\t<div class=\"elementor-widget-container\">\n\t\t\t\t\t\t\t<div class=\"elementor-spacer\">\n\t\t\t<div class=\"elementor-spacer-inner\"><\/div>\n\t\t<\/div>\n\t\t\t\t\t\t<\/div>\n\t\t\t\t<\/div>\n\t\t\t\t<div class=\"elementor-element elementor-element-cd855d0 elementor-widget elementor-widget-heading\" data-id=\"cd855d0\" data-element_type=\"widget\" data-e-type=\"widget\" data-widget_type=\"heading.default\">\n\t\t\t\t<div class=\"elementor-widget-container\">\n\t\t\t\t\t<h1 class=\"elementor-heading-title elementor-size-default\">Accompagnement Emotionnel en situation r\u00e9elle<\/h1>\t\t\t\t<\/div>\n\t\t\t\t<\/div>\n\t\t\t\t<div class=\"elementor-element elementor-element-78c02a1 elementor-widget elementor-widget-text-editor\" data-id=\"78c02a1\" data-element_type=\"widget\" data-e-type=\"widget\" data-widget_type=\"text-editor.default\">\n\t\t\t\t<div class=\"elementor-widget-container\">\n\t\t\t\t\t\t\t\t\t<h3>Traverser un moment difficile, en s\u00e9curit\u00e9<\/h3>\t\t\t\t\t\t\t\t<\/div>\n\t\t\t\t<\/div>\n\t\t\t\t<div class=\"elementor-element elementor-element-479e177 elementor-widget elementor-widget-text-editor\" data-id=\"479e177\" data-element_type=\"widget\" data-e-type=\"widget\" data-widget_type=\"text-editor.default\">\n\t\t\t\t<div class=\"elementor-widget-container\">\n\t\t\t\t\t\t\t\t\t<p data-start=\"177\" data-end=\"371\">Certains moments de vie sont particuli\u00e8rement <strong data-start=\"223\" data-end=\"277\">stressants, \u00e9prouvants ou charg\u00e9s \u00e9motionnellement<\/strong>.<br data-start=\"278\" data-end=\"281\" \/>Sans relever d\u2019un cadre m\u00e9dical, ils peuvent n\u00e9anmoins \u00eatre difficiles \u00e0 traverser seul\u00b7e.<\/p><p data-start=\"373\" data-end=\"540\">Je propose un <strong data-start=\"387\" data-end=\"425\">accompagnement \u00e9motionnel ponctuel<\/strong>, en situation r\u00e9elle, pour offrir une <strong data-start=\"464\" data-end=\"506\">pr\u00e9sence humaine, calme et s\u00e9curisante<\/strong> au moment o\u00f9 vous en avez besoin.<\/p>\t\t\t\t\t\t\t\t<\/div>\n\t\t\t\t<\/div>\n\t\t\t\t<div class=\"elementor-element elementor-element-d223dbb elementor-widget elementor-widget-text-editor\" data-id=\"d223dbb\" data-element_type=\"widget\" data-e-type=\"widget\" data-widget_type=\"text-editor.default\">\n\t\t\t\t<div class=\"elementor-widget-container\">\n\t\t\t\t\t\t\t\t\t<h3 data-start=\"542\" data-end=\"578\">Pour quels types de situations ?<\/h3><ul data-start=\"579\" data-end=\"849\"><li data-start=\"579\" data-end=\"621\"><p data-start=\"581\" data-end=\"621\">pr\u00e9paration d\u2019un rendez-vous stressant<\/p><\/li><li data-start=\"622\" data-end=\"671\"><p data-start=\"624\" data-end=\"671\">pr\u00e9sence discr\u00e8te lors d\u2019un entretien d\u00e9licat<\/p><\/li><li data-start=\"672\" data-end=\"717\"><p data-start=\"674\" data-end=\"717\">retour au travail apr\u00e8s un arr\u00eat prolong\u00e9<\/p><\/li><li data-start=\"718\" data-end=\"755\"><p data-start=\"720\" data-end=\"755\">d\u00e9marches administratives lourdes<\/p><\/li><li data-start=\"756\" data-end=\"782\"><p data-start=\"758\" data-end=\"782\">surcharge \u00e9motionnelle<\/p><\/li><li data-start=\"783\" data-end=\"814\"><p data-start=\"785\" data-end=\"814\">prise de d\u00e9cision difficile<\/p><\/li><li data-start=\"815\" data-end=\"849\"><p data-start=\"817\" data-end=\"849\">situation relationnelle tendue<\/p><\/li><\/ul><h3 data-start=\"851\" data-end=\"892\">Comment se d\u00e9roule l\u2019accompagnement ?<\/h3><ul data-start=\"893\" data-end=\"1115\"><li data-start=\"893\" data-end=\"1002\"><p data-start=\"895\" data-end=\"1002\"><strong data-start=\"895\" data-end=\"919\">Une s\u00e9ance pr\u00e9alable<\/strong> pour comprendre la situation, apaiser les tensions et pr\u00e9parer le moment \u00e0 venir<\/p><\/li><li data-start=\"1003\" data-end=\"1115\"><p data-start=\"1005\" data-end=\"1115\"><strong data-start=\"1005\" data-end=\"1031\">Une pr\u00e9sence le jour J<\/strong>, ajust\u00e9e et discr\u00e8te, pour soutenir, contenir et r\u00e9guler les \u00e9motions si n\u00e9cessaire<\/p><\/li><\/ul><p>\u00a0<\/p><h3 data-start=\"1117\" data-end=\"1131\">L\u2019objectif<\/h3><p data-start=\"1132\" data-end=\"1282\">Vous permettre de <strong data-start=\"1150\" data-end=\"1195\">traverser un moment difficile en s\u00e9curit\u00e9<\/strong>, sans \u00eatre seul\u00b7e, puis de <strong data-start=\"1223\" data-end=\"1252\">retrouver votre autonomie<\/strong> une fois la situation pass\u00e9e.<\/p><p data-start=\"1284\" data-end=\"1365\">Cet accompagnement est <strong data-start=\"1307\" data-end=\"1319\">ponctuel<\/strong>, non th\u00e9rapeutique et <strong data-start=\"1342\" data-end=\"1364\">hors cadre m\u00e9dical<\/strong>.<\/p><p data-start=\"1284\" data-end=\"1365\">\u00a0<\/p>\t\t\t\t\t\t\t\t<\/div>\n\t\t\t\t<\/div>\n\t\t\t\t<\/div>\n\t\t<div class=\"elementor-element elementor-element-44e2168 e-con-full e-flex e-con e-parent\" data-id=\"44e2168\" data-element_type=\"container\" data-e-type=\"container\" data-settings=\"{&quot;background_background&quot;:&quot;classic&quot;}\">\n\t\t\t\t<div class=\"elementor-element elementor-element-ba080f2 elementor-widget elementor-widget-text-editor\" data-id=\"ba080f2\" data-element_type=\"widget\" data-e-type=\"widget\" data-widget_type=\"text-editor.default\">\n\t\t\t\t<div class=\"elementor-widget-container\">\n\t\t\t\t\t\t\t\t\t<p><strong data-start=\"1191\" data-end=\"1211\">\u00a0<\/strong><strong data-start=\"1003\" data-end=\"1013\">Format<\/strong> : Pr\u00e9paration &amp; pr\u00e9sence le jour J\u00a0<\/p><p data-start=\"1003\" data-end=\"1081\"><strong>Tarifs<\/strong> : 140 \u20ac (frais suppl\u00e9mentaires prossible selon localisation)\u00a0<\/p><p data-start=\"1084\" data-end=\"1158\"><span style=\"background-color: transparent;\">Confidentialit\u00e9 totale des \u00e9changes.<\/span><\/p>\t\t\t\t\t\t\t\t<\/div>\n\t\t\t\t<\/div>\n\t\t\t\t<\/div>\n\t\t<div class=\"elementor-element elementor-element-5f9cc3d e-flex e-con-boxed e-con e-parent\" data-id=\"5f9cc3d\" data-element_type=\"container\" data-e-type=\"container\">\n\t\t\t\t\t<div class=\"e-con-inner\">\n\t\t\t\t\t<\/div>\n\t\t\t\t<\/div>\n\t\t\t\t<\/div>\n\t\t","protected":false},"excerpt":{"rendered":"<p>Accompagnement Emotionnel en situation r\u00e9elle Traverser un moment difficile, en s\u00e9curit\u00e9 Certains moments de vie sont particuli\u00e8rement stressants, \u00e9prouvants ou charg\u00e9s \u00e9motionnellement.Sans relever d\u2019un cadre m\u00e9dical, ils peuvent n\u00e9anmoins \u00eatre difficiles \u00e0 traverser seul\u00b7e. Je propose un accompagnement \u00e9motionnel ponctuel, en situation r\u00e9elle, pour offrir une pr\u00e9sence humaine, calme et s\u00e9curisante au moment o\u00f9 vous [&hellip;]<\/p>\n","protected":false},"author":1,"featured_media":0,"parent":0,"menu_order":0,"comment_status":"closed","ping_status":"closed","template":"","meta":{"om_disable_all_campaigns":false,"_monsterinsights_skip_tracking":false,"_monsterinsights_sitenote_active":false,"_monsterinsights_sitenote_note":"","_monsterinsights_sitenote_category":0,"_uf_show_specific_survey":0,"_uf_disable_surveys":false,"footnotes":""},"class_list":["post-2875","page","type-page","status-publish","hentry"],"aioseo_notices":[],"_links":{"self":[{"href":"https:\/\/lisefalc.com\/index.php\/wp-json\/wp\/v2\/pages\/2875","targetHints":{"allow":["GET"]}}],"collection":[{"href":"https:\/\/lisefalc.com\/index.php\/wp-json\/wp\/v2\/pages"}],"about":[{"href":"https:\/\/lisefalc.com\/index.php\/wp-json\/wp\/v2\/types\/page"}],"author":[{"embeddable":true,"href":"https:\/\/lisefalc.com\/index.php\/wp-json\/wp\/v2\/users\/1"}],"replies":[{"embeddable":true,"href":"https:\/\/lisefalc.com\/index.php\/wp-json\/wp\/v2\/comments?post=2875"}],"version-history":[{"count":5,"href":"https:\/\/lisefalc.com\/index.php\/wp-json\/wp\/v2\/pages\/2875\/revisions"}],"predecessor-version":[{"id":2976,"href":"https:\/\/lisefalc.com\/index.php\/wp-json\/wp\/v2\/pages\/2875\/revisions\/2976"}],"wp:attachment":[{"href":"https:\/\/lisefalc.com\/index.php\/wp-json\/wp\/v2\/media?parent=2875"}],"curies":[{"name":"wp","href":"https:\/\/api.w.org\/{rel}","templated":true}]}}