{"id":2867,"date":"2026-01-09T18:49:02","date_gmt":"2026-01-09T17:49:02","guid":{"rendered":"https:\/\/lisefalc.com\/?page_id=2867"},"modified":"2026-01-12T14:56:41","modified_gmt":"2026-01-12T13:56:41","slug":"coaching-petit-groupe-en-entreprise","status":"publish","type":"page","link":"https:\/\/lisefalc.com\/index.php\/coaching-petit-groupe-en-entreprise\/","title":{"rendered":"Coaching petit groupe en entreprise"},"content":{"rendered":"\t\t<div data-elementor-type=\"wp-page\" data-elementor-id=\"2867\" class=\"elementor elementor-2867\">\n\t\t\t\t<div class=\"elementor-element elementor-element-eb420e4 e-con-full e-flex e-con e-parent\" data-id=\"eb420e4\" data-element_type=\"container\" data-e-type=\"container\" data-settings=\"{&quot;background_background&quot;:&quot;classic&quot;}\">\n\t\t\t\t<div class=\"elementor-element elementor-element-2ef8757 elementor-widget elementor-widget-spacer\" data-id=\"2ef8757\" data-element_type=\"widget\" data-e-type=\"widget\" data-widget_type=\"spacer.default\">\n\t\t\t\t<div class=\"elementor-widget-container\">\n\t\t\t\t\t\t\t<div class=\"elementor-spacer\">\n\t\t\t<div class=\"elementor-spacer-inner\"><\/div>\n\t\t<\/div>\n\t\t\t\t\t\t<\/div>\n\t\t\t\t<\/div>\n\t\t\t\t<div class=\"elementor-element elementor-element-cd855d0 elementor-widget elementor-widget-heading\" data-id=\"cd855d0\" data-element_type=\"widget\" data-e-type=\"widget\" data-widget_type=\"heading.default\">\n\t\t\t\t<div class=\"elementor-widget-container\">\n\t\t\t\t\t<h1 class=\"elementor-heading-title elementor-size-default\">Coaching collectif en entreprise<br> \u2013 Bien-\u00eatre au travail<\/h1>\t\t\t\t<\/div>\n\t\t\t\t<\/div>\n\t\t\t\t<div class=\"elementor-element elementor-element-458df35 elementor-widget elementor-widget-spacer\" data-id=\"458df35\" data-element_type=\"widget\" data-e-type=\"widget\" data-widget_type=\"spacer.default\">\n\t\t\t\t<div class=\"elementor-widget-container\">\n\t\t\t\t\t\t\t<div class=\"elementor-spacer\">\n\t\t\t<div class=\"elementor-spacer-inner\"><\/div>\n\t\t<\/div>\n\t\t\t\t\t\t<\/div>\n\t\t\t\t<\/div>\n\t\t\t\t<\/div>\n\t\t<div class=\"elementor-element elementor-element-44e2168 e-con-full e-flex e-con e-parent\" data-id=\"44e2168\" data-element_type=\"container\" data-e-type=\"container\" data-settings=\"{&quot;background_background&quot;:&quot;classic&quot;}\">\n\t\t\t\t<div class=\"elementor-element elementor-element-2fd544e elementor-widget elementor-widget-text-editor\" data-id=\"2fd544e\" data-element_type=\"widget\" data-e-type=\"widget\" data-widget_type=\"text-editor.default\">\n\t\t\t\t<div class=\"elementor-widget-container\">\n\t\t\t\t\t\t\t\t\t<p data-start=\"325\" data-end=\"497\">Accompagnement les entreprises qui souhaitent am\u00e9liorer le bien-\u00eatre de leurs \u00e9quipes tout en renfor\u00e7ant la qualit\u00e9 des relations professionnelles et l\u2019engagement au travail.<\/p><p data-start=\"499\" data-end=\"726\">Ce format de <strong data-start=\"512\" data-end=\"569\">coaching collectif en petit groupe (8 \u00e0 10 personnes)<\/strong> permet \u00e0 chacun de prendre du recul sur son quotidien professionnel, de partager ses exp\u00e9riences et d\u2019acqu\u00e9rir des outils concrets, directement applicables.<\/p><p data-start=\"499\" data-end=\"726\">\u00a0<\/p><p data-start=\"499\" data-end=\"726\">\u00a0<\/p><h3 data-start=\"1625\" data-end=\"1671\">B\u00e9n\u00e9fices pour l\u2019entreprise et les \u00e9quipes<\/h3><ul data-start=\"1672\" data-end=\"1838\"><li data-start=\"1672\" data-end=\"1709\"><p data-start=\"1674\" data-end=\"1709\">R\u00e9duction du stress et des tensions<\/p><\/li><li data-start=\"1710\" data-end=\"1745\"><p data-start=\"1712\" data-end=\"1745\">Am\u00e9lioration du climat de travail<\/p><\/li><li data-start=\"1746\" data-end=\"1792\"><p data-start=\"1748\" data-end=\"1792\">Meilleure communication et coh\u00e9sion d\u2019\u00e9quipe<\/p><\/li><li data-start=\"1793\" data-end=\"1838\"><p data-start=\"1795\" data-end=\"1838\">Collaborateurs plus engag\u00e9s et plus sereins<\/p><\/li><\/ul>\t\t\t\t\t\t\t\t<\/div>\n\t\t\t\t<\/div>\n\t\t\t\t<div class=\"elementor-element elementor-element-e4f3058 elementor-widget elementor-widget-text-editor\" data-id=\"e4f3058\" data-element_type=\"widget\" data-e-type=\"widget\" data-widget_type=\"text-editor.default\">\n\t\t\t\t<div class=\"elementor-widget-container\">\n\t\t\t\t\t\t\t\t\t<h3 data-start=\"905\" data-end=\"930\"><span style=\"text-decoration: underline;\">Th\u00e9matiques possibles<\/span><\/h3><p data-start=\"931\" data-end=\"1033\">Les contenus sont adaptables aux besoins de l\u2019entreprise. Parmi les th\u00e9matiques fr\u00e9quemment abord\u00e9es :<\/p><ul data-start=\"1035\" data-end=\"1623\"><li data-start=\"1035\" data-end=\"1170\"><p data-start=\"1037\" data-end=\"1170\"><strong data-start=\"1037\" data-end=\"1058\">Gestion du stress<\/strong><br data-start=\"1058\" data-end=\"1061\" \/>Comprendre les m\u00e9canismes du stress, identifier ses sources et apprendre \u00e0 mieux y faire face au quotidien.<\/p><\/li><li data-start=\"1172\" data-end=\"1327\"><p data-start=\"1174\" data-end=\"1327\"><strong data-start=\"1174\" data-end=\"1207\">Communication professionnelle<\/strong><br data-start=\"1207\" data-end=\"1210\" \/>Am\u00e9liorer la qualit\u00e9 des \u00e9changes, pr\u00e9venir les tensions, d\u00e9velopper une communication plus fluide et respectueuse.<\/p><\/li><li data-start=\"1329\" data-end=\"1465\"><p data-start=\"1331\" data-end=\"1465\"><strong data-start=\"1331\" data-end=\"1349\">Charge mentale<\/strong><br data-start=\"1349\" data-end=\"1352\" \/>Identifier la surcharge cognitive, apprendre \u00e0 prioriser, poser des limites et retrouver un meilleur \u00e9quilibre.<\/p><\/li><\/ul>\t\t\t\t\t\t\t\t<\/div>\n\t\t\t\t<\/div>\n\t\t\t\t<\/div>\n\t\t<div class=\"elementor-element elementor-element-f439b53 e-flex e-con-boxed e-con e-parent\" data-id=\"f439b53\" data-element_type=\"container\" data-e-type=\"container\" data-settings=\"{&quot;background_background&quot;:&quot;classic&quot;}\">\n\t\t\t\t\t<div class=\"e-con-inner\">\n\t\t\t\t<div class=\"elementor-element elementor-element-487a524 elementor-widget elementor-widget-text-editor\" data-id=\"487a524\" data-element_type=\"widget\" data-e-type=\"widget\" data-widget_type=\"text-editor.default\">\n\t\t\t\t<div class=\"elementor-widget-container\">\n\t\t\t\t\t\t\t\t\t<h3 data-start=\"1840\" data-end=\"1849\">Tarif<\/h3><p data-start=\"1850\" data-end=\"1909\"><strong data-start=\"1853\" data-end=\"1878\">600 \u20ac la demi-journ\u00e9e<\/strong><br data-start=\"1878\" data-end=\"1881\" \/>(groupe de 8 \u00e0 10 personnes)<\/p>\t\t\t\t\t\t\t\t<\/div>\n\t\t\t\t<\/div>\n\t\t\t\t\t<\/div>\n\t\t\t\t<\/div>\n\t\t\t\t<\/div>\n\t\t","protected":false},"excerpt":{"rendered":"<p>Coaching collectif en entreprise \u2013 Bien-\u00eatre au travail Accompagnement les entreprises qui souhaitent am\u00e9liorer le bien-\u00eatre de leurs \u00e9quipes tout en renfor\u00e7ant la qualit\u00e9 des relations professionnelles et l\u2019engagement au travail. Ce format de coaching collectif en petit groupe (8 \u00e0 10 personnes) permet \u00e0 chacun de prendre du recul sur son quotidien professionnel, de [&hellip;]<\/p>\n","protected":false},"author":1,"featured_media":0,"parent":0,"menu_order":0,"comment_status":"closed","ping_status":"closed","template":"","meta":{"om_disable_all_campaigns":false,"_monsterinsights_skip_tracking":false,"_monsterinsights_sitenote_active":false,"_monsterinsights_sitenote_note":"","_monsterinsights_sitenote_category":0,"_uf_show_specific_survey":0,"_uf_disable_surveys":false,"footnotes":""},"class_list":["post-2867","page","type-page","status-publish","hentry"],"aioseo_notices":[],"_links":{"self":[{"href":"https:\/\/lisefalc.com\/index.php\/wp-json\/wp\/v2\/pages\/2867","targetHints":{"allow":["GET"]}}],"collection":[{"href":"https:\/\/lisefalc.com\/index.php\/wp-json\/wp\/v2\/pages"}],"about":[{"href":"https:\/\/lisefalc.com\/index.php\/wp-json\/wp\/v2\/types\/page"}],"author":[{"embeddable":true,"href":"https:\/\/lisefalc.com\/index.php\/wp-json\/wp\/v2\/users\/1"}],"replies":[{"embeddable":true,"href":"https:\/\/lisefalc.com\/index.php\/wp-json\/wp\/v2\/comments?post=2867"}],"version-history":[{"count":4,"href":"https:\/\/lisefalc.com\/index.php\/wp-json\/wp\/v2\/pages\/2867\/revisions"}],"predecessor-version":[{"id":3000,"href":"https:\/\/lisefalc.com\/index.php\/wp-json\/wp\/v2\/pages\/2867\/revisions\/3000"}],"wp:attachment":[{"href":"https:\/\/lisefalc.com\/index.php\/wp-json\/wp\/v2\/media?parent=2867"}],"curies":[{"name":"wp","href":"https:\/\/api.w.org\/{rel}","templated":true}]}}